{"id":173,"date":"2022-05-25T22:00:45","date_gmt":"2022-05-25T20:00:45","guid":{"rendered":"https:\/\/campoamor-mv.com\/?post_type=product&#038;p=173"},"modified":"2023-03-22T10:21:50","modified_gmt":"2023-03-22T09:21:50","slug":"reservation-1-semaine","status":"publish","type":"product","link":"https:\/\/campoamor-mv.com\/fr\/produit\/reservation-1-semaine\/","title":{"rendered":"R\u00e9servation p\u00e9riode Juillet, aout, septembre."},"content":{"rendered":"","protected":false},"excerpt":{"rendered":"<ul>\n<li>Location uniquement \u00e0 partir d&rsquo;une semaine<\/li>\n<li>2 r\u00e9servations sont \u00e0 effectuer lorsque vous \u00eates \u00e0 cheval sur 2 mois.<\/li>\n<li>Frais suppl\u00e9mentaire obligatoire de 80\u20ac \u00e0 r\u00e9gler sur place \u00e0 la restitution des cl\u00e9s (service nettoyage r\u00e9alis\u00e9 par des professionnels).<\/li>\n<li><\/li>\n<\/ul>\n<p>&nbsp;<\/p>\n","protected":false},"featured_media":963,"comment_status":"open","ping_status":"closed","template":"","meta":{"om_disable_all_campaigns":false,"_exactmetrics_skip_tracking":false,"_exactmetrics_sitenote_active":false,"_exactmetrics_sitenote_note":"","_exactmetrics_sitenote_category":0,"_monsterinsights_skip_tracking":false,"_monsterinsights_sitenote_active":false,"_monsterinsights_sitenote_note":"","_monsterinsights_sitenote_category":0,"pgc_sgb_lightbox_settings":""},"product_brand":[],"product_cat":[15],"product_tag":[],"class_list":{"0":"post-173","1":"product","2":"type-product","3":"status-publish","4":"has-post-thumbnail","6":"product_cat-non-classe","7":"mvvwb_bookable","9":"first","10":"instock","11":"sold-individually","12":"purchasable","13":"product-type-simple"},"aioseo_notices":[],"_links":{"self":[{"href":"https:\/\/campoamor-mv.com\/fr\/wp-json\/wp\/v2\/product\/173","targetHints":{"allow":["GET"]}}],"collection":[{"href":"https:\/\/campoamor-mv.com\/fr\/wp-json\/wp\/v2\/product"}],"about":[{"href":"https:\/\/campoamor-mv.com\/fr\/wp-json\/wp\/v2\/types\/product"}],"replies":[{"embeddable":true,"href":"https:\/\/campoamor-mv.com\/fr\/wp-json\/wp\/v2\/comments?post=173"}],"wp:featuredmedia":[{"embeddable":true,"href":"https:\/\/campoamor-mv.com\/fr\/wp-json\/wp\/v2\/media\/963"}],"wp:attachment":[{"href":"https:\/\/campoamor-mv.com\/fr\/wp-json\/wp\/v2\/media?parent=173"}],"wp:term":[{"taxonomy":"product_brand","embeddable":true,"href":"https:\/\/campoamor-mv.com\/fr\/wp-json\/wp\/v2\/product_brand?post=173"},{"taxonomy":"product_cat","embeddable":true,"href":"https:\/\/campoamor-mv.com\/fr\/wp-json\/wp\/v2\/product_cat?post=173"},{"taxonomy":"product_tag","embeddable":true,"href":"https:\/\/campoamor-mv.com\/fr\/wp-json\/wp\/v2\/product_tag?post=173"}],"curies":[{"name":"wp","href":"https:\/\/api.w.org\/{rel}","templated":true}]}}